{"id":138,"date":"2024-10-15T06:28:51","date_gmt":"2024-10-15T06:28:51","guid":{"rendered":"https:\/\/texastruckpart.com\/?page_id=138"},"modified":"2024-10-15T09:51:45","modified_gmt":"2024-10-15T09:51:45","slug":"blog","status":"publish","type":"page","link":"https:\/\/texastruckpart.com\/es\/blog\/","title":{"rendered":"Blog"},"content":{"rendered":"<div data-elementor-type=\"wp-page\" data-elementor-id=\"138\" class=\"elementor elementor-138\" data-elementor-post-type=\"page\">\n\t\t\t\t\t\t<section class=\"elementor-section elementor-top-section elementor-element elementor-element-16b66023 elementor-section-boxed elementor-section-height-default elementor-section-height-default\" data-id=\"16b66023\" data-element_type=\"section\" data-e-type=\"section\" data-settings=\"{&quot;background_background&quot;:&quot;classic&quot;}\">\n\t\t\t\t\t\t\t<div class=\"elementor-background-overlay\"><\/div>\n\t\t\t\t\t\t\t<div class=\"elementor-container elementor-column-gap-default\">\n\t\t\t\t\t<div class=\"elementor-column elementor-col-100 elementor-top-column elementor-element elementor-element-73054f25\" data-id=\"73054f25\" data-element_type=\"column\" data-e-type=\"column\" data-settings=\"{&quot;background_background&quot;:&quot;classic&quot;}\">\n\t\t\t<div class=\"elementor-widget-wrap elementor-element-populated\">\n\t\t\t\t\t\t<div class=\"elementor-element elementor-element-17a03645 elementor-widget elementor-widget-heading\" data-id=\"17a03645\" data-element_type=\"widget\" data-e-type=\"widget\" data-widget_type=\"heading.default\">\n\t\t\t\t<div class=\"elementor-widget-container\">\n\t\t\t\t\t<h1 class=\"elementor-heading-title elementor-size-default\">Blog<\/h1>\t\t\t\t<\/div>\n\t\t\t\t<\/div>\n\t\t\t\t\t<\/div>\n\t\t<\/div>\n\t\t\t\t\t<\/div>\n\t\t<\/section>\n\t\t\t\t<section class=\"elementor-section elementor-top-section elementor-element elementor-element-665c0335 elementor-section-boxed elementor-section-height-default elementor-section-height-default\" data-id=\"665c0335\" data-element_type=\"section\" data-e-type=\"section\" data-settings=\"{&quot;background_background&quot;:&quot;classic&quot;}\">\n\t\t\t\t\t\t<div class=\"elementor-container elementor-column-gap-default\">\n\t\t\t\t\t<div class=\"elementor-column elementor-col-100 elementor-top-column elementor-element elementor-element-4ba875f\" data-id=\"4ba875f\" data-element_type=\"column\" data-e-type=\"column\">\n\t\t\t<div class=\"elementor-widget-wrap elementor-element-populated\">\n\t\t\t\t\t\t<div class=\"elementor-element elementor-element-79f43836 elementor-icon-list--layout-inline elementor-list-item-link-full_width elementor-widget elementor-widget-icon-list\" data-id=\"79f43836\" data-element_type=\"widget\" data-e-type=\"widget\" data-widget_type=\"icon-list.default\">\n\t\t\t\t<div class=\"elementor-widget-container\">\n\t\t\t\t\t\t\t<ul class=\"elementor-icon-list-items elementor-inline-items\">\n\t\t\t\t\t\t\t<li class=\"elementor-icon-list-item elementor-inline-item\">\n\t\t\t\t\t\t\t\t\t\t\t<a href=\"https:\/\/doctoroscarbarrera.com\/\">\n\n\t\t\t\t\t\t\t\t\t\t\t<span class=\"elementor-icon-list-text\">Inicio<\/span>\n\t\t\t\t\t\t\t\t\t\t\t<\/a>\n\t\t\t\t\t\t\t\t\t<\/li>\n\t\t\t\t\t\t\t\t<li class=\"elementor-icon-list-item elementor-inline-item\">\n\t\t\t\t\t\t\t\t\t\t\t<span class=\"elementor-icon-list-icon\">\n\t\t\t\t\t\t\t<svg aria-hidden=\"true\" class=\"e-font-icon-svg e-fas-angle-right\" viewbox=\"0 0 256 512\" xmlns=\"http:\/\/www.w3.org\/2000\/svg\"><path d=\"M224.3 273l-136 136c-9.4 9.4-24.6 9.4-33.9 0l-22.6-22.6c-9.4-9.4-9.4-24.6 0-33.9l96.4-96.4-96.4-96.4c-9.4-9.4-9.4-24.6 0-33.9L54.3 103c9.4-9.4 24.6-9.4 33.9 0l136 136c9.5 9.4 9.5 24.6.1 34z\"><\/path><\/svg>\t\t\t\t\t\t<\/span>\n\t\t\t\t\t\t\t\t\t\t<span class=\"elementor-icon-list-text\">Blog<\/span>\n\t\t\t\t\t\t\t\t\t<\/li>\n\t\t\t\t\t\t<\/ul>\n\t\t\t\t\t\t<\/div>\n\t\t\t\t<\/div>\n\t\t\t\t\t<\/div>\n\t\t<\/div>\n\t\t\t\t\t<\/div>\n\t\t<\/section>\n\t\t\t\t<section class=\"elementor-section elementor-top-section elementor-element elementor-element-30bd66b elementor-section-boxed elementor-section-height-default elementor-section-height-default\" data-id=\"30bd66b\" data-element_type=\"section\" data-e-type=\"section\">\n\t\t\t\t\t\t<div class=\"elementor-container elementor-column-gap-default\">\n\t\t\t\t\t<div class=\"elementor-column elementor-col-100 elementor-top-column elementor-element elementor-element-99942c0\" data-id=\"99942c0\" data-element_type=\"column\" data-e-type=\"column\">\n\t\t\t<div class=\"elementor-widget-wrap elementor-element-populated\">\n\t\t\t\t\t\t<div class=\"elementor-element elementor-element-4cab865 elementor-widget elementor-widget-ucaddon_post_grid\" data-id=\"4cab865\" data-element_type=\"widget\" data-e-type=\"widget\" data-widget_type=\"ucaddon_post_grid.default\">\n\t\t\t\t<div class=\"elementor-widget-container\">\n\t\t\t\t\t\n<!-- start Post Grid -->\n\t\t<link id='font-awesome-css' href='https:\/\/texastruckpart.com\/wp-content\/plugins\/unlimited-elements-for-elementor-premium\/assets_libraries\/font-awesome6\/fontawesome-all.min.css' type='text\/css' rel='stylesheet' >\n\t\t<link id='font-awesome-4-shim-css' href='https:\/\/texastruckpart.com\/wp-content\/plugins\/unlimited-elements-for-elementor-premium\/assets_libraries\/font-awesome6\/fontawesome-v4-shims.min.css' type='text\/css' rel='stylesheet' >\n\n<style>\/* widget: Post Grid *\/\n\n\n\n#uc_post_grid_elementor_4cab865{\n  min-height: 1px;\n}\n\n#uc_post_grid_elementor_4cab865.uc_post_grid_style_one .uc_post_grid_style_one_wrap {\n   display:grid;\n}\n\n\n#uc_post_grid_elementor_4cab865 .uc_post_grid_style_one_item{\n  position:relative;\n}\n\n#uc_post_grid_elementor_4cab865 .uc_post_image{\n  transition:0.3s;\n  position:relative;\n  overflow:hidden;\n}\n\n#uc_post_grid_elementor_4cab865 .uc_post_image img{\n  width:100%;\n  display:block;\n  transition:0.3s;\n}\n\n\t#uc_post_grid_elementor_4cab865 .ue-item:hover .uc_post_image img    {\n      transform:scale(1.1,1.1);\n    }\n\t\n\n#uc_post_grid_elementor_4cab865 .uc_post_image_overlay{\n  position:absolute;\n  top:0px;\n  left:0px;\n  height:100%;\n  width:100%;\n  transition:0.3s;\n}\n\n#uc_post_grid_elementor_4cab865 .uc_more_btn-custom-field{\n  display:inline-block;\n  text-align:center;\n  text-decoration:none;\n  transition:0.3s;\n}\n\n#uc_post_grid_elementor_4cab865 .uc_more_btn{\n  display:inline-block;\n  text-align:center;\n  text-decoration:none;\n  transition:0.3s;\n}\n\n.ue-grid-item-category a{\n  display:inline-block;\n  font-size:10px;\n  position: relative;\n  z-index: 1;\n}\n\n\n.uc_post_title{\n  font-size:21px;\n}\n\n\n\n  #uc_post_grid_elementor_4cab865 .ue_post_grid_item{\n    display:flex;\n    flex-direction:column;\n  }\n\n  #uc_post_grid_elementor_4cab865.uc_post_grid_style_one .uc_content{\n   flex-grow:1;\n  }\n\n  #uc_post_grid_elementor_4cab865.uc_post_grid_style_one .uc_content > div{\n    height:100%;\n    display:flex;\n    flex-direction:column;\n    justify-content: space-between;  }\n\n    #uc_post_grid_elementor_4cab865 .uc_post_button   {\n     margin-top:auto;\n   }\n  \n\n\n\n\n\n\n\n\n\n\n\n\n#uc_post_grid_elementor_4cab865 .ue-meta-data{  \n  display:flex !important;\n  flex-wrap: wrap;\n  line-height:1em;\n}\n\n#uc_post_grid_elementor_4cab865 .ue-grid-item-meta-data{\n  display:inline-flex;\n  align-items:center;\n}\n\n#uc_post_grid_elementor_4cab865 .ue-grid-item-meta-data a{\n  color:inherit;\n}\n\n.ue-grid-item-meta-data{\n  font-size:12px;\n}\n\n#uc_post_grid_elementor_4cab865 .ue-grid-item-meta-data-icon{\n  line-height:1em;\n}\n\n#uc_post_grid_elementor_4cab865 .ue-grid-item-meta-data-icon svg{\n  width:1em;\n  height:1em;\n}\n\n#uc_post_grid_elementor_4cab865 .ue-debug-meta{\n  padding:10px;\n  border:1px solid red;\n  position:relative;\n  line-height:1.5em;\n  font-size:11px;\n  width:100%;\n}\n\n#uc_post_grid_elementor_4cab865 .uc_btn_inner{\n  display:inline-flex;\n  align-items:center;\n}\n\n#uc_post_grid_elementor_4cab865 .uc_btn_inner svg{\n  width:1em;\n  height:1em;\n}\n\n\n\n#uc_post_grid_elementor_4cab865 .uc_content_inner{\n  width: 100%;\n}\n\n\n#uc_post_grid_elementor_4cab865_item1 [href=\"javascript:void(0)\"]{\n  cursor: unset;\n}\n\n\n#uc_post_grid_elementor_4cab865_item2 [href=\"javascript:void(0)\"]{\n  cursor: unset;\n}\n\n\n#uc_post_grid_elementor_4cab865_item3 [href=\"javascript:void(0)\"]{\n  cursor: unset;\n}\n\n\n#uc_post_grid_elementor_4cab865_item4 [href=\"javascript:void(0)\"]{\n  cursor: unset;\n}\n\n\n<\/style>\n\n<div class=\"uc_post_grid_style_one\" id=\"uc_post_grid_elementor_4cab865\"  >\n\t\t<div class=\"uc_post_grid_style_one_wrap ue_post_grid uc-items-wrapper\">\n\t\t\t\n\n\n\n<div id=\"uc_post_grid_elementor_4cab865_item1\" class=\"uc_post_grid_style_one_item ue_post_grid_item ue-item\">\n  \n      <a class=\"uc_post_grid_style_one_image\" href='https:\/\/texastruckpart.com\/es\/innovaciones-en-climatizacion-para-vehiculos-en-2024\/' target=\"_self\">\n     <div class=\"uc_post_image\">\n       <img fetchpriority=\"high\" decoding=\"async\" src=\"https:\/\/texastruckpart.com\/wp-content\/uploads\/2024\/10\/DALL\u00b7E-2024-10-15-00.03.07-A-modern-truck-with-a-trailer-moving-to-the-left-in-an-open-field-with-blue-lines-of-cool-air-flowing-out-of-the-windows-of-the-cab-symbolizing-fres.webp\"  alt=\"DALL\u00b7E 2024-10-15 00.03\" width=\"1792\" height=\"1024\">\n       <div class=\"uc_post_image_overlay\"><\/div>\n     <\/div>\n    <\/a>\n   \n  <div class=\"uc_content\">\n    <div class=\"uc_content_inner\">\n      <div class=\"uc_content-info-wrapper\" >\n        \n       \n              \n\n            \t\t\t<div class=\"uc_post_title\"><a class=\"\" href='https:\/\/texastruckpart.com\/es\/innovaciones-en-climatizacion-para-vehiculos-en-2024\/' target=\"_self\"><div class=\"ue_p_title\">Innovaciones en Climatizaci\u00f3n para Veh\u00edculos en 2024.<\/div><\/a><\/div>\n      \t\n                      \n       \n        <div class=\"ue-meta-data\">\n            \n                \t    \n                \n        \n\t\n                \n                \n                \n                \n    \t\t\t\n      \n            \n  <\/div>\t\n      \t<div class=\"uc_post_text\">2024 has arrived with a high demand for more efficient and sustainable technology solutions for the transportation...<\/div>\n     \n                 \n                            \n                                  \n     <\/div>                      \n           <div class=\"uc_post_button\">\n        \n        <a class=\"uc_more_btn\" target=\"_self\" href='https:\/\/texastruckpart.com\/es\/innovaciones-en-climatizacion-para-vehiculos-en-2024\/'>\n          <div class=\"uc_btn_inner\">\n            <div class=\"uc_btn_txt\">Leer m\u00e1s<\/div>\n                      <\/div>\n      \t<\/a>\n        \n                \n      <\/div>                           \n \t<\/div>  <\/div>      \n        \n<\/div>\n\n\n\n\n<div id=\"uc_post_grid_elementor_4cab865_item2\" class=\"uc_post_grid_style_one_item ue_post_grid_item ue-item\">\n  \n      <a class=\"uc_post_grid_style_one_image\" href='https:\/\/texastruckpart.com\/es\/como-exoair-cambio-mi-negocio-la-historia-de-un-conductor-satisfecho\/' target=\"_self\">\n     <div class=\"uc_post_image\">\n       <img decoding=\"async\" src=\"https:\/\/texastruckpart.com\/wp-content\/uploads\/2024\/10\/DALL\u00b7E-2024-10-15-00.01.52-A-modern-truck-with-a-trailer-driving-to-the-left-in-an-open-field-with-blue-lines-of-cool-air-flowing-only-from-the-windows-of-the-cab-symbolizing-1.webp\"  alt=\"DALL\u00b7E 2024-10-15 00.01\" width=\"1792\" height=\"1024\">\n       <div class=\"uc_post_image_overlay\"><\/div>\n     <\/div>\n    <\/a>\n   \n  <div class=\"uc_content\">\n    <div class=\"uc_content_inner\">\n      <div class=\"uc_content-info-wrapper\" >\n        \n       \n              \n\n            \t\t\t<div class=\"uc_post_title\"><a class=\"\" href='https:\/\/texastruckpart.com\/es\/como-exoair-cambio-mi-negocio-la-historia-de-un-conductor-satisfecho\/' target=\"_self\"><div class=\"ue_p_title\">C\u00f3mo ExoAir Cambi\u00f3 Mi Negocio: La Historia de Un Conductor Satisfecho<\/div><\/a><\/div>\n      \t\n                      \n       \n        <div class=\"ue-meta-data\">\n            \n                \t    \n                \n        \n\t\n                \n                \n                \n                \n    \t\t\t\n      \n            \n  <\/div>\t\n      \t<div class=\"uc_post_text\">Hace poco m\u00e1s de seis meses, me encontraba en un punto cr\u00edtico de mi negocio de transporte. Mi cami\u00f3n,...<\/div>\n     \n                 \n                            \n                                  \n     <\/div>                      \n           <div class=\"uc_post_button\">\n        \n        <a class=\"uc_more_btn\" target=\"_self\" href='https:\/\/texastruckpart.com\/es\/como-exoair-cambio-mi-negocio-la-historia-de-un-conductor-satisfecho\/'>\n          <div class=\"uc_btn_inner\">\n            <div class=\"uc_btn_txt\">Leer m\u00e1s<\/div>\n                      <\/div>\n      \t<\/a>\n        \n                \n      <\/div>                           \n \t<\/div>  <\/div>      \n        \n<\/div>\n\n\n\n\n<div id=\"uc_post_grid_elementor_4cab865_item3\" class=\"uc_post_grid_style_one_item ue_post_grid_item ue-item\">\n  \n      <a class=\"uc_post_grid_style_one_image\" href='https:\/\/texastruckpart.com\/es\/instalacion-gratuita-del-sistema-de-aire-acondicionado-electrico-exoair\/' target=\"_self\">\n     <div class=\"uc_post_image\">\n       <img decoding=\"async\" src=\"https:\/\/texastruckpart.com\/wp-content\/uploads\/2024\/10\/DALL\u00b7E-2024-10-15-00.01.52-A-modern-truck-with-a-trailer-driving-to-the-left-in-an-open-field-with-blue-lines-of-cool-air-flowing-only-from-the-windows-of-the-cab-symbolizing-1.webp\"  alt=\"DALL\u00b7E 2024-10-15 00.01\" width=\"1792\" height=\"1024\">\n       <div class=\"uc_post_image_overlay\"><\/div>\n     <\/div>\n    <\/a>\n   \n  <div class=\"uc_content\">\n    <div class=\"uc_content_inner\">\n      <div class=\"uc_content-info-wrapper\" >\n        \n       \n              \n\n            \t\t\t<div class=\"uc_post_title\"><a class=\"\" href='https:\/\/texastruckpart.com\/es\/instalacion-gratuita-del-sistema-de-aire-acondicionado-electrico-exoair\/' target=\"_self\"><div class=\"ue_p_title\">Instalaci\u00f3n Gratuita del Sistema de Aire Acondicionado El\u00e9ctrico ExoAir<\/div><\/a><\/div>\n      \t\n                      \n       \n        <div class=\"ue-meta-data\">\n            \n                \t    \n                \n        \n\t\n                \n                \n                \n                \n    \t\t\t\n      \n            \n  <\/div>\t\n      \t<div class=\"uc_post_text\">Texas Truck Part se enorgullece de ser distribuidor oficial del sistema de aire acondicionado el\u00e9ctrico...<\/div>\n     \n                 \n                            \n                                  \n     <\/div>                      \n           <div class=\"uc_post_button\">\n        \n        <a class=\"uc_more_btn\" target=\"_self\" href='https:\/\/texastruckpart.com\/es\/instalacion-gratuita-del-sistema-de-aire-acondicionado-electrico-exoair\/'>\n          <div class=\"uc_btn_inner\">\n            <div class=\"uc_btn_txt\">Leer m\u00e1s<\/div>\n                      <\/div>\n      \t<\/a>\n        \n                \n      <\/div>                           \n \t<\/div>  <\/div>      \n        \n<\/div>\n\n\n\n\n<div id=\"uc_post_grid_elementor_4cab865_item4\" class=\"uc_post_grid_style_one_item ue_post_grid_item ue-item\">\n  \n      <a class=\"uc_post_grid_style_one_image\" href='https:\/\/texastruckpart.com\/es\/hello-world\/' target=\"_self\">\n     <div class=\"uc_post_image\">\n       <img decoding=\"async\" src=\"https:\/\/texastruckpart.com\/wp-content\/uploads\/2024\/10\/DALL\u00b7E-2024-10-15-00.03.55-A-modern-truck-with-a-trailer-moving-to-the-left-in-an-open-field-with-blue-lines-of-cool-air-flowing-out-of-the-windows-of-the-cab-symbolizing-fres.webp\"  alt=\"DALL\u00b7E 2024-10-15 00.03\" width=\"1792\" height=\"1024\">\n       <div class=\"uc_post_image_overlay\"><\/div>\n     <\/div>\n    <\/a>\n   \n  <div class=\"uc_content\">\n    <div class=\"uc_content_inner\">\n      <div class=\"uc_content-info-wrapper\" >\n        \n       \n              \n\n            \t\t\t<div class=\"uc_post_title\"><a class=\"\" href='https:\/\/texastruckpart.com\/es\/hello-world\/' target=\"_self\"><div class=\"ue_p_title\">La Revoluci\u00f3n del Aire Acondicionado El\u00e9ctrico en Veh\u00edculos Comerciales<\/div><\/a><\/div>\n      \t\n                      \n       \n        <div class=\"ue-meta-data\">\n            \n                \t    \n                \n        \n\t\n                \n                \n                \n                \n    \t\t\t\n      \n            \n  <\/div>\t\n      \t<div class=\"uc_post_text\">El aire acondicionado en veh\u00edculos comerciales y de carga es crucial para garantizar el confort de los...<\/div>\n     \n                 \n                            \n                                  \n     <\/div>                      \n           <div class=\"uc_post_button\">\n        \n        <a class=\"uc_more_btn\" target=\"_self\" href='https:\/\/texastruckpart.com\/es\/hello-world\/'>\n          <div class=\"uc_btn_inner\">\n            <div class=\"uc_btn_txt\">Leer m\u00e1s<\/div>\n                      <\/div>\n      \t<\/a>\n        \n                \n      <\/div>                           \n \t<\/div>  <\/div>      \n        \n<\/div>\n\n\t\t<\/div>\n\t<\/div>\n\n\n\n  <div id=\"uc_post_grid_elementor_4cab865_empty_message\" class=\"ue-no-posts-found\"  style=\"display:none\" >No posts found<\/div>\n\n\n<!-- end Post Grid -->\t\t\t\t<\/div>\n\t\t\t\t<\/div>\n\t\t\t\t\t<\/div>\n\t\t<\/div>\n\t\t\t\t\t<\/div>\n\t\t<\/section>\n\t\t\t\t<\/div>","protected":false},"excerpt":{"rendered":"<p>Inicio Innovaciones en Climatizaci\u00f3n para Veh\u00edculos en 2024. El 2024 ha llegado con una gran demanda de soluciones tecnol\u00f3gicas m\u00e1s eficientes y sostenibles para&#8230; Leer m\u00e1s C\u00f3mo ExoAir Cambi\u00f3 Mi Negocio: La Historia de Un Conductor Satisfecho Hace poco m\u00e1s de seis meses, me encontraba en un punto cr\u00edtico de mi negocio de transporte. Mi [&hellip;]<\/p>","protected":false},"author":1,"featured_media":0,"parent":0,"menu_order":0,"comment_status":"closed","ping_status":"closed","template":"","meta":{"iawp_total_views":71,"footnotes":""},"class_list":["post-138","page","type-page","status-publish","hentry"],"_links":{"self":[{"href":"https:\/\/texastruckpart.com\/es\/wp-json\/wp\/v2\/pages\/138"}],"collection":[{"href":"https:\/\/texastruckpart.com\/es\/wp-json\/wp\/v2\/pages"}],"about":[{"href":"https:\/\/texastruckpart.com\/es\/wp-json\/wp\/v2\/types\/page"}],"author":[{"embeddable":true,"href":"https:\/\/texastruckpart.com\/es\/wp-json\/wp\/v2\/users\/1"}],"replies":[{"embeddable":true,"href":"https:\/\/texastruckpart.com\/es\/wp-json\/wp\/v2\/comments?post=138"}],"version-history":[{"count":10,"href":"https:\/\/texastruckpart.com\/es\/wp-json\/wp\/v2\/pages\/138\/revisions"}],"predecessor-version":[{"id":199,"href":"https:\/\/texastruckpart.com\/es\/wp-json\/wp\/v2\/pages\/138\/revisions\/199"}],"wp:attachment":[{"href":"https:\/\/texastruckpart.com\/es\/wp-json\/wp\/v2\/media?parent=138"}],"curies":[{"name":"wp","href":"https:\/\/api.w.org\/{rel}","templated":true}]}}